{"id":2799,"date":"2018-12-01T09:05:21","date_gmt":"2018-12-01T08:05:21","guid":{"rendered":"https:\/\/www.parabureau.com\/wp\/?page_id=2799"},"modified":"2018-12-28T21:26:50","modified_gmt":"2018-12-28T20:26:50","slug":"pocetna","status":"publish","type":"page","link":"https:\/\/www.parabureau.com\/hr\/","title":{"rendered":"Po\u010detna"},"content":{"rendered":"\n<div class=\"wp-block-kadence-rowlayout alignnone wow slideInLeft\"><div id=\"kt-layout-id_4cc831-4e\" class=\"kt-row-layout-inner  kt-layout-id_4cc831-4e\"><div class=\"kt-row-column-wrap kt-has-2-columns kt-gutter-default kt-row-valign-top kt-row-layout-left-golden kt-tab-layout-inherit kt-m-colapse-left-to-right kt-mobile-layout-row\">\n<div class=\"wp-block-kadence-column inner-column-1\"><div class=\"kt-inside-inner-col\">\n<h1 class=\"wp-block-heading\" style=\"text-align:center\">Mi smo <strong>Parabureau.<\/strong><\/h1>\n<\/div><\/div>\n\n\n\n<div class=\"wp-block-kadence-column inner-column-2\"><div class=\"kt-inside-inner-col\"><\/div><\/div>\n<\/div><\/div><\/div>\n\n\n\n<div class=\"wp-block-kadence-rowlayout alignnone wow slideInUp first-intro padding-bottom\"><div id=\"kt-layout-id_ef68e3-a0\" class=\"kt-row-layout-inner  kt-layout-id_ef68e3-a0\"><div class=\"kt-row-column-wrap kt-has-3-columns kt-gutter-default kt-row-valign-top kt-row-layout-center-half kt-tab-layout-row kt-m-colapse-left-to-right kt-mobile-layout-row\">\n<div class=\"wp-block-kadence-column inner-column-1\"><div class=\"kt-inside-inner-col\">\n<p><\/p>\n<\/div><\/div>\n\n\n\n<div class=\"wp-block-kadence-column inner-column-2\"><div class=\"kt-inside-inner-col\">\n<p class=\"padding-right\">Svakom klijentu pristupamo individualno, a dizajnerska rje\u0161enja izra\u0111ujemo slijede\u0107i usavr\u0161enu metodologiju. Vjerujemo da su komunikacija i obostrano povjerenje va\u017eni faktori svih faza kreativnog procesa. Odnos temeljen na povjerenju omogu\u0107ava timski rad i ostavlja prostor za konstruktivnu kritiku, \u010dime se posti\u017ee uspje\u0161an razvoj poslovne strategije, ali i kvalitetna rje\u0161enja.<\/p>\n<\/div><\/div>\n\n\n\n<div class=\"wp-block-kadence-column inner-column-3\"><div class=\"kt-inside-inner-col\">\n<p><img decoding=\"async\" class=\"wp-image-152\" style=\"width: NaNpx;\" src=\"https:\/\/www.parabureau.com\/wp\/wp-content\/uploads\/2018\/12\/line3-01.svg\" alt=\"\"><\/p>\n<\/div><\/div>\n<\/div><\/div><\/div>\n\n\n\n<div class=\"wp-block-kadence-rowlayout alignnone wow slideInRight\"><div id=\"kt-layout-id_59de51-92\" class=\"kt-row-layout-inner  kt-layout-id_59de51-92\"><div class=\"kt-row-column-wrap kt-has-1-columns kt-gutter-default kt-row-valign-top kt-row-layout-equal kt-tab-layout-inherit kt-m-colapse-left-to-right kt-mobile-layout-row\">\n<div class=\"wp-block-kadence-column inner-column-1\"><div class=\"kt-inside-inner-col\">\n<p style=\"text-align:right\"><span class=\"h3\"><strong>Volimo<\/strong> brendiranje.<\/span><\/p>\n<\/div><\/div>\n<\/div><\/div><\/div>\n\n\n\n<div class=\"wp-block-kadence-rowlayout alignnone wow slideInUp second-intro padding-bottom\"><div id=\"kt-layout-id_248870-f6\" class=\"kt-row-layout-inner  kt-layout-id_248870-f6\"><div class=\"kt-row-column-wrap kt-has-3-columns kt-gutter-default kt-row-valign-top kt-row-layout-center-half kt-tab-layout-row kt-m-colapse-left-to-right kt-mobile-layout-row\">\n<div class=\"wp-block-kadence-column inner-column-1\"><div class=\"kt-inside-inner-col\">\n<figure class=\"wp-block-image\"><img decoding=\"async\" src=\"https:\/\/www.parabureau.com\/wp\/wp-content\/uploads\/2018\/12\/line4-01.svg\" alt=\"\" class=\"wp-image-156\"\/><\/figure>\n<\/div><\/div>\n\n\n\n<div class=\"wp-block-kadence-column inner-column-2\"><div class=\"kt-inside-inner-col\">\n<p>Brendiranje je va\u017ean segment na\u0161eg poslovanja. Profesionalno i ozbiljno pristupamo svakoj fazi ovog kompleksnog procesa, \u0161to rezultira prepoznatljivom kvalitetom i komercijalnim uspjehom. <\/p>\n<\/div><\/div>\n\n\n\n<div class=\"wp-block-kadence-column inner-column-3\"><div class=\"kt-inside-inner-col\"><\/div><\/div>\n<\/div><\/div><\/div>\n\n\n\n<div class=\"wp-block-kadence-rowlayout alignnone wow slideInUp third-intro\"><div id=\"kt-layout-id_594788-96\" class=\"kt-row-layout-inner  kt-layout-id_594788-96\"><div class=\"kt-row-column-wrap kt-has-2-columns kt-gutter-default kt-row-valign-top kt-row-layout-equal kt-tab-layout-row kt-m-colapse-left-to-right kt-mobile-layout-row\">\n<div class=\"wp-block-kadence-column inner-column-1\"><div class=\"kt-inside-inner-col\"><\/div><\/div>\n\n\n\n<div class=\"wp-block-kadence-column inner-column-2\"><div class=\"kt-inside-inner-col\">\n<figure class=\"wp-block-image\"><img decoding=\"async\" src=\"https:\/\/www.parabureau.com\/wp\/wp-content\/uploads\/2018\/12\/line5-01.svg\" alt=\"\" class=\"wp-image-167\"\/><\/figure>\n<\/div><\/div>\n<\/div><\/div><\/div>\n\n\n\n<div class=\"wp-block-kadence-rowlayout alignnone wow slideInRight\"><div id=\"kt-layout-id_7191b7-99\" class=\"kt-row-layout-inner  kt-layout-id_7191b7-99\"><div class=\"kt-row-column-wrap kt-has-1-columns kt-gutter-default kt-row-valign-top kt-row-layout-equal kt-tab-layout-inherit kt-m-colapse-left-to-right kt-mobile-layout-row\">\n<div class=\"wp-block-kadence-column inner-column-1\"><div class=\"kt-inside-inner-col\">\n<p style=\"text-align:right\"><span class=\"h3\">Na\u0161 dizajn ima <strong>zna\u010denje.<\/strong><\/span><\/p>\n<\/div><\/div>\n<\/div><\/div><\/div>\n\n\n\n<div class=\"wp-block-kadence-rowlayout alignnone wow slideInUp fourth-intro padding-bottom\"><div id=\"kt-layout-id_44ecf1-27\" class=\"kt-row-layout-inner  kt-layout-id_44ecf1-27\"><div class=\"kt-row-column-wrap kt-has-2-columns kt-gutter-default kt-row-valign-top kt-row-layout-equal kt-tab-layout-row kt-m-colapse-left-to-right kt-mobile-layout-row kt-custom-first-width-65\">\n<div class=\"wp-block-kadence-column inner-column-1\"><div class=\"kt-inside-inner-col\">\n<figure class=\"wp-block-image\"><img decoding=\"async\" src=\"https:\/\/www.parabureau.com\/wp\/wp-content\/uploads\/2018\/12\/line6-01.svg\" alt=\"\" class=\"wp-image-171\"\/><\/figure>\n<\/div><\/div>\n\n\n\n<div class=\"wp-block-kadence-column inner-column-2\"><div class=\"kt-inside-inner-col\">\n<p>Na\u0161a metodologija temelji se na funkcionalnosti. Svakom projektu pristupamo individualno i zapo\u010dinjemo ga istra\u017eivanjem.<\/p>\n<\/div><\/div>\n<\/div><\/div><\/div>\n\n\n\n<div class=\"wp-block-kadence-rowlayout alignnone wow slideInLeft\"><div id=\"kt-layout-id_b37329-d5\" class=\"kt-row-layout-inner  kt-layout-id_b37329-d5\"><div class=\"kt-row-column-wrap kt-has-1-columns kt-gutter-default kt-row-valign-top kt-row-layout-equal kt-tab-layout-inherit kt-m-colapse-left-to-right kt-mobile-layout-row\">\n<div class=\"wp-block-kadence-column inner-column-1\"><div class=\"kt-inside-inner-col\">\n<p><span class=\"h3\">A to se cijeni <\/span><br><span class=\"h3\">u <strong>svijetu dizajna.<\/strong><\/span><\/p>\n<\/div><\/div>\n<\/div><\/div><\/div>\n\n\n\n<div class=\"wp-block-kadence-rowlayout alignnone wow slideInUp fifth-intro\"><div id=\"kt-layout-id_f12055-d1\" class=\"kt-row-layout-inner  kt-layout-id_f12055-d1\"><div class=\"kt-row-column-wrap kt-has-3-columns kt-gutter-default kt-row-valign-top kt-row-layout-equal kt-tab-layout-row kt-m-colapse-left-to-right kt-mobile-layout-row\">\n<div class=\"wp-block-kadence-column inner-column-1\"><div class=\"kt-inside-inner-col\">\n<p><\/p>\n<\/div><\/div>\n\n\n\n<div class=\"wp-block-kadence-column inner-column-2\"><div class=\"kt-inside-inner-col\">\n<p>Parabureau je dobitnik mnogih nagrada i priznanja na podru\u010dju dizajna i brendiranja. Sudjelovali smo na brojnim me\u0111unarodnim strukovnim izlo\u017ebama.<\/p>\n<\/div><\/div>\n\n\n\n<div class=\"wp-block-kadence-column inner-column-3\"><div class=\"kt-inside-inner-col\">\n<figure class=\"wp-block-image alignfull\"><img decoding=\"async\" src=\"https:\/\/www.parabureau.com\/wp\/wp-content\/uploads\/2018\/12\/line7-01-01.svg\" alt=\"\" class=\"wp-image-178\"\/><\/figure>\n<\/div><\/div>\n<\/div><\/div><\/div>\n","protected":false},"excerpt":{"rendered":"","protected":false},"author":1,"featured_media":0,"parent":0,"menu_order":0,"comment_status":"open","ping_status":"closed","template":"template-frontpage.php","meta":{"_acf_changed":false,"inline_featured_image":false,"footnotes":""},"class_list":["post-2799","page","type-page","status-publish","hentry"],"acf":[],"_links":{"self":[{"href":"https:\/\/www.parabureau.com\/hr\/wp-json\/wp\/v2\/pages\/2799","targetHints":{"allow":["GET"]}}],"collection":[{"href":"https:\/\/www.parabureau.com\/hr\/wp-json\/wp\/v2\/pages"}],"about":[{"href":"https:\/\/www.parabureau.com\/hr\/wp-json\/wp\/v2\/types\/page"}],"author":[{"embeddable":true,"href":"https:\/\/www.parabureau.com\/hr\/wp-json\/wp\/v2\/users\/1"}],"replies":[{"embeddable":true,"href":"https:\/\/www.parabureau.com\/hr\/wp-json\/wp\/v2\/comments?post=2799"}],"version-history":[{"count":4,"href":"https:\/\/www.parabureau.com\/hr\/wp-json\/wp\/v2\/pages\/2799\/revisions"}],"predecessor-version":[{"id":3031,"href":"https:\/\/www.parabureau.com\/hr\/wp-json\/wp\/v2\/pages\/2799\/revisions\/3031"}],"wp:attachment":[{"href":"https:\/\/www.parabureau.com\/hr\/wp-json\/wp\/v2\/media?parent=2799"}],"curies":[{"name":"wp","href":"https:\/\/api.w.org\/{rel}","templated":true}]}}